{"id":372,"date":"2024-06-07T09:52:16","date_gmt":"2024-06-07T07:52:16","guid":{"rendered":"https:\/\/www.histoiresdebebe.fr\/?page_id=372"},"modified":"2024-10-29T16:56:03","modified_gmt":"2024-10-29T15:56:03","slug":"mentions-legales","status":"publish","type":"page","link":"https:\/\/www.histoiresdebebe.fr\/index.php\/mentions-legales\/","title":{"rendered":"Mentions l\u00e9gales"},"content":{"rendered":"\n<div class=\"wp-block-group is-layout-constrained wp-block-group-is-layout-constrained\">\n<div class=\"wp-block-group is-layout-constrained wp-block-group-is-layout-constrained\">\n<p><strong>Raison social: <\/strong><\/p>\n\n\n\n<p>Auto-entrepreneur<\/p>\n\n\n\n<p>Machado Cindy, 2 avenue Baptiste Hurel 93150 Blanc Mesnil<\/p>\n\n\n\n<p>Mail: histoiresdebebe.cindy@gmail.com<\/p>\n\n\n\n<p>Num\u00e9ro de t\u00e9l\u00e9phone: 0669535948<\/p>\n\n\n\n<p>N\u00b0 SIRET:92744769800014<\/p>\n<\/div>\n\n\n\n<p>H\u00e9bergeur: WordPress<\/p>\n<\/div>\n\n\n\n<p><\/p>\n","protected":false},"excerpt":{"rendered":"<p>Raison social: Auto-entrepreneur Machado Cindy, 2 avenue Baptiste Hurel 93150 Blanc Mesnil Mail: histoiresdebebe.cindy@gmail.com Num\u00e9ro de t\u00e9l\u00e9phone: 0669535948 N\u00b0 SIRET:92744769800014 H\u00e9bergeur: WordPress<\/p>\n","protected":false},"author":1,"featured_media":0,"parent":0,"menu_order":0,"comment_status":"closed","ping_status":"closed","template":"","meta":{"footnotes":""},"class_list":["post-372","page","type-page","status-publish","hentry"],"_links":{"self":[{"href":"https:\/\/www.histoiresdebebe.fr\/index.php\/wp-json\/wp\/v2\/pages\/372","targetHints":{"allow":["GET"]}}],"collection":[{"href":"https:\/\/www.histoiresdebebe.fr\/index.php\/wp-json\/wp\/v2\/pages"}],"about":[{"href":"https:\/\/www.histoiresdebebe.fr\/index.php\/wp-json\/wp\/v2\/types\/page"}],"author":[{"embeddable":true,"href":"https:\/\/www.histoiresdebebe.fr\/index.php\/wp-json\/wp\/v2\/users\/1"}],"replies":[{"embeddable":true,"href":"https:\/\/www.histoiresdebebe.fr\/index.php\/wp-json\/wp\/v2\/comments?post=372"}],"version-history":[{"count":4,"href":"https:\/\/www.histoiresdebebe.fr\/index.php\/wp-json\/wp\/v2\/pages\/372\/revisions"}],"predecessor-version":[{"id":436,"href":"https:\/\/www.histoiresdebebe.fr\/index.php\/wp-json\/wp\/v2\/pages\/372\/revisions\/436"}],"wp:attachment":[{"href":"https:\/\/www.histoiresdebebe.fr\/index.php\/wp-json\/wp\/v2\/media?parent=372"}],"curies":[{"name":"wp","href":"https:\/\/api.w.org\/{rel}","templated":true}]}}